{"id":690,"date":"2016-12-01T07:31:16","date_gmt":"2016-12-01T07:31:16","guid":{"rendered":"http:\/\/eigonhotel.com\/?page_id=690"},"modified":"2018-01-05T15:06:26","modified_gmt":"2018-01-05T15:06:26","slug":"aviso-legal","status":"publish","type":"page","link":"https:\/\/eigonhotel.com\/en\/aviso-legal\/","title":{"rendered":"Aviso Legal"},"content":{"rendered":"<p>[vc_row][vc_column css=&#8221;.vc_custom_1480577645671{padding-top: 40px !important;padding-bottom: 40px !important;}&#8221;][vc_column_text]En cumplimiento con el deber de informaci\u00f3n recogido en art\u00edculo 10 de la Ley 34\/2002, de 11 de julio, de Servicios de la Sociedad de la Informaci\u00f3n y del Comercio Electr\u00f3nico, a continuaci\u00f3n se reflejan los siguientes datos: el titular de www.eigonhotel.com es<\/p>\n<p>Luis Javier Mart\u00ednez L\u00f3pez-D\u00f3riga<br \/>\nNIF: 71443722 H<br \/>\nDirecci\u00f3n: Traves\u00eda a Prada n\u00ba10 Posada de Valde\u00f3n, 24915, Le\u00f3n, Espa\u00f1a<br \/>\nEmail: info@eigonhotel.com<br \/>\nTelefono: \u00a0629929538<br \/>\nDatos registrales: Inscrito en el registro de turismo de Castilla y Le\u00f3n con el n\u00famero de registro:<br \/>\nHTR-LE-787<\/p>\n<p>El acceso y\/o uso de este portal atribuye la condici\u00f3n de USUARIO, que acepta, desde dicho acceso y\/o uso, las Condiciones Generales de Uso aqu\u00ed reflejadas. Las citadas Condiciones ser\u00e1n de aplicaci\u00f3n independientemente de las Condiciones Generales de Contrataci\u00f3n que en su caso resulten de obligado cumplimiento.<\/p>\n<p><strong>Uso del Portal<\/strong><\/p>\n<p>www.eigonhotel.com proporciona el acceso a multitud de informaciones, servicios, programas o datos (en adelante, &#8220;los contenidos&#8221;) en Internet a los que el USUARIO pueda tener acceso. El USUARIO asume la responsabilidad del uso del portal. Dicha responsabilidad se extiende al registro que fuese necesario para acceder a determinados servicios o contenidos.<\/p>\n<p>El USUARIO se compromete a hacer un uso adecuado de los contenidos y servicios que el sitio web ofrece a trav\u00e9s de su portal y con car\u00e1cter enunciativo pero no limitativo, a no emplearlos para (i) incurrir en actividades il\u00edcitas, ilegales o contrarias a la buena fe y al orden p\u00fablico; (ii) difundir contenidos o propaganda de car\u00e1cter racista, xen\u00f3fobo, pornogr\u00e1fico-ilegal, de apolog\u00eda del terrorismo o atentatorio contra los derechos humanos; (iii) provocar da\u00f1os en los sistemas f\u00edsicos y l\u00f3gicos, introducir o difundir en la red virus inform\u00e1ticos o cualesquiera otros sistemas f\u00edsicos o l\u00f3gicos que sean susceptibles de provocar los da\u00f1os anteriormente mencionados; (iv) intentar acceder y, en su caso, utilizar las cuentas de correo electr\u00f3nico de otros usuarios y modificar o manipular sus mensajes. Eig\u00f3n se reserva el derecho de retirar todos aquellos comentarios y aportaciones que vulneren el respeto a la dignidad de la persona, que sean discriminatorios, xen\u00f3fobos, racistas, pornogr\u00e1ficos, que atenten contra la juventud o la infancia, el orden o la seguridad p\u00fablica o que, a su juicio, no resultaran adecuados para su publicaci\u00f3n. En cualquier caso, Eig\u00f3n no ser\u00e1 responsable de las opiniones vertidas por los usuarios a trav\u00e9s de los foros, chats, u otras herramientas de participaci\u00f3n.<\/p>\n<p><strong>Pol\u00edtica de Privacidad<\/strong><\/p>\n<p>Por medio de este sitio web se recogen datos de car\u00e1cter personal necesarios para la gesti\u00f3n y mantenimiento de algunos de nuestros servicios. Dichos datos son incluidos en nuestros ficheros, que se encuentran convenientemente inscritos en el Registro de la Agencia de Protecci\u00f3n de Datos.<\/p>\n<p>Sin perjuicio de las finalidades que en cada caso se indiquen, dicha informaci\u00f3n ser\u00e1 guardada y gestionada con su debida confidencialidad, aplicando las medidas de seguridad inform\u00e1tica establecidas en la legislaci\u00f3n aplicable para impedir el acceso o uso indebido de sus datos, su manipulaci\u00f3n, deterioro o p\u00e9rdida.<\/p>\n<p>En cualquier momento puede Ud. ejercer sus derechos de acceso, rectificaci\u00f3n o cancelaci\u00f3n en relaci\u00f3n con dichos datos, dirigiendo su solicitud a la direcci\u00f3n del titular de los ficheros. Puede encontrar formularios para el ejercicio de sus derechos en el sitio web de la Agencia de Protecci\u00f3n de Datos.[\/vc_column_text][\/vc_column][\/vc_row]<\/p>\n","protected":false},"excerpt":{"rendered":"<p>[vc_row][vc_column css=&#8221;.vc_custom_1480577645671{padding-top: 40px !important;padding-bottom: 40px !important;}&#8221;][vc_column_text]En cumplimiento con el deber de informaci\u00f3n recogido en art\u00edculo 10 de la Ley 34\/2002, de 11 de julio, de Servicios de la Sociedad de la Informaci\u00f3n y del Comercio Electr\u00f3nico, a continuaci\u00f3n se reflejan los siguientes datos: el titular de www.eigonhotel.com es Luis Javier Mart\u00ednez L\u00f3pez-D\u00f3riga NIF: 71443722 H [&hellip;]<\/p>\n","protected":false},"author":1,"featured_media":0,"parent":0,"menu_order":0,"comment_status":"closed","ping_status":"closed","template":"","meta":{"footnotes":""},"_links":{"self":[{"href":"https:\/\/eigonhotel.com\/en\/wp-json\/wp\/v2\/pages\/690"}],"collection":[{"href":"https:\/\/eigonhotel.com\/en\/wp-json\/wp\/v2\/pages"}],"about":[{"href":"https:\/\/eigonhotel.com\/en\/wp-json\/wp\/v2\/types\/page"}],"author":[{"embeddable":true,"href":"https:\/\/eigonhotel.com\/en\/wp-json\/wp\/v2\/users\/1"}],"replies":[{"embeddable":true,"href":"https:\/\/eigonhotel.com\/en\/wp-json\/wp\/v2\/comments?post=690"}],"version-history":[{"count":4,"href":"https:\/\/eigonhotel.com\/en\/wp-json\/wp\/v2\/pages\/690\/revisions"}],"predecessor-version":[{"id":844,"href":"https:\/\/eigonhotel.com\/en\/wp-json\/wp\/v2\/pages\/690\/revisions\/844"}],"wp:attachment":[{"href":"https:\/\/eigonhotel.com\/en\/wp-json\/wp\/v2\/media?parent=690"}],"curies":[{"name":"wp","href":"https:\/\/api.w.org\/{rel}","templated":true}]}}